{"id":6771,"date":"2025-02-24T11:47:57","date_gmt":"2025-02-24T10:47:57","guid":{"rendered":"https:\/\/vegalmeq.com\/legal-notice\/"},"modified":"2025-06-18T09:49:43","modified_gmt":"2025-06-18T07:49:43","slug":"legal-notice","status":"publish","type":"page","link":"https:\/\/vegalmeq.com\/en\/legal-notice\/","title":{"rendered":"Legal Notice"},"content":{"rendered":"<h2 data-start=\"0\" data-end=\"20\"><strong data-start=\"3\" data-end=\"18\">Aviso Legal<\/strong><\/h2>\n<h3 data-start=\"22\" data-end=\"49\"><strong data-start=\"26\" data-end=\"47\">Informaci\u00f3n Legal<\/strong><\/h3>\n<p data-start=\"51\" data-end=\"287\">En cumplimiento del <strong data-start=\"71\" data-end=\"104\">art\u00edculo 10 de la Ley 34\/2002<\/strong>, de <strong data-start=\"109\" data-end=\"192\">Servicios de la Sociedad de la Informaci\u00f3n y del Comercio Electr\u00f3nico (LSSI-CE)<\/strong>, te informamos que el titular del sitio web <strong data-start=\"237\" data-end=\"253\">vegalmeq.com<\/strong> es <strong data-start=\"257\" data-end=\"285\">Vegal Farmac\u00e9utica, S.L.<\/strong><\/p>\n<p data-start=\"289\" data-end=\"350\">Los datos identificativos y de contacto son los siguientes:<\/p>\n<ul data-start=\"351\" data-end=\"639\">\n<li data-start=\"351\" data-end=\"404\"><strong data-start=\"353\" data-end=\"377\">Denominaci\u00f3n Social:<\/strong> Vegal Farmac\u00e9utica, S.L.<\/li>\n<li data-start=\"405\" data-end=\"427\"><strong data-start=\"407\" data-end=\"415\">NIF:<\/strong> B80833593<\/li>\n<li data-start=\"428\" data-end=\"517\"><strong data-start=\"430\" data-end=\"444\">Direcci\u00f3n:<\/strong> V\u00eda de las Dos Castillas, 9C 2P 2C, 28224 &#8211; Pozuelo de Alarc\u00f3n, Madrid<\/li>\n<li data-start=\"518\" data-end=\"575\"><strong data-start=\"520\" data-end=\"555\">Correo electr\u00f3nico de contacto:<\/strong> <a rel=\"noopener\" data-start=\"556\" data-end=\"573\">info@vegalmeq.com<\/a><\/li>\n<li data-start=\"576\" data-end=\"639\"><strong data-start=\"578\" data-end=\"592\">Sitio web:<\/strong> <a href=\"https:\/\/www.vegalmeq.com\" target=\"_new\" rel=\"noopener\" data-start=\"593\" data-end=\"637\">www.vegalmeq.com<\/a><\/li>\n<\/ul>\n<h3 data-start=\"641\" data-end=\"680\"><strong data-start=\"645\" data-end=\"678\">Objeto y \u00e1mbito de aplicaci\u00f3n<\/strong><\/h3>\n<ol data-start=\"682\" data-end=\"1470\">\n<li data-start=\"682\" data-end=\"1106\">\n<p data-start=\"685\" data-end=\"1106\"><strong data-start=\"685\" data-end=\"711\">Objeto del Aviso Legal<\/strong><br data-start=\"711\" data-end=\"714\" \/>Este <strong data-start=\"719\" data-end=\"734\">Aviso Legal<\/strong> establece las <strong data-start=\"749\" data-end=\"781\">condiciones generales de uso<\/strong> que regulan el acceso, navegaci\u00f3n y uso del sitio web <strong data-start=\"836\" data-end=\"852\">vegalmeq.com<\/strong>, as\u00ed como las responsabilidades derivadas de la utilizaci\u00f3n de sus contenidos. Algunos servicios o actividades ofrecidos en el sitio web pueden estar sujetos a condiciones particulares que pueden sustituir, complementar y\/o modificar este Aviso Legal.<\/p>\n<\/li>\n<li data-start=\"1108\" data-end=\"1470\">\n<p data-start=\"1111\" data-end=\"1470\"><strong data-start=\"1111\" data-end=\"1135\">\u00c1mbito de Aplicaci\u00f3n<\/strong><br data-start=\"1135\" data-end=\"1138\" \/>El acceso y uso de este sitio web atribuye la condici\u00f3n de <strong data-start=\"1197\" data-end=\"1208\">USUARIO<\/strong>, lo que implica tu <strong data-start=\"1228\" data-end=\"1263\">aceptaci\u00f3n plena y sin reservas<\/strong> de todas las condiciones de uso incluidas en este Aviso Legal. Se entender\u00e1 por <strong data-start=\"1344\" data-end=\"1355\">USUARIO<\/strong> a cualquier persona que acceda, navegue, utilice o participe en los servicios y actividades de <strong data-start=\"1451\" data-end=\"1467\">vegalmeq.com<\/strong>.<\/p>\n<\/li>\n<\/ol>\n<h3 data-start=\"1472\" data-end=\"1508\"><strong data-start=\"1476\" data-end=\"1506\">Acceso y uso del sitio web<\/strong><\/h3>\n<ol data-start=\"1510\" data-end=\"2446\">\n<li data-start=\"1510\" data-end=\"1700\">\n<p data-start=\"1513\" data-end=\"1700\"><strong data-start=\"1513\" data-end=\"1536\">Acceso al sitio web<\/strong><br data-start=\"1536\" data-end=\"1539\" \/>El acceso a <strong data-start=\"1551\" data-end=\"1567\">vegalmeq.com<\/strong> es <strong data-start=\"1571\" data-end=\"1583\">gratuito<\/strong>, salvo en lo relativo al coste de la conexi\u00f3n a Internet suministrada por el operador contratado por cada usuario.<\/p>\n<\/li>\n<li data-start=\"1702\" data-end=\"2446\">\n<p data-start=\"1705\" data-end=\"1919\"><strong data-start=\"1705\" data-end=\"1738\">Responsabilidades del USUARIO<\/strong><br data-start=\"1738\" data-end=\"1741\" \/>El USUARIO se compromete a hacer un <strong data-start=\"1777\" data-end=\"1793\">uso adecuado<\/strong> del sitio web de acuerdo con las leyes vigentes, la buena fe, el orden p\u00fablico y este Aviso Legal. Se proh\u00edbe expresamente:<\/p>\n<ul data-start=\"1923\" data-end=\"2446\">\n<li data-start=\"1923\" data-end=\"1998\">Utilizar identidades falsas o suplantar la identidad de otros usuarios.<\/li>\n<li data-start=\"2002\" data-end=\"2115\">Introducir virus o realizar acciones que puedan alterar, da\u00f1ar o interrumpir el funcionamiento del sitio web.<\/li>\n<li data-start=\"2119\" data-end=\"2181\">Acceder a cuentas de correo electr\u00f3nico de otros usuarios.<\/li>\n<li data-start=\"2185\" data-end=\"2332\">Reproducir, copiar, distribuir, modificar o comunicar p\u00fablicamente los contenidos del sitio web con fines comerciales sin autorizaci\u00f3n expresa.<\/li>\n<li data-start=\"2336\" data-end=\"2446\">Utilizar el sitio web con fines il\u00edcitos, contrarios a la moral, las buenas costumbres o el orden p\u00fablico.<\/li>\n<\/ul>\n<\/li>\n<\/ol>\n<p data-start=\"2448\" data-end=\"2563\">Si incumples estas obligaciones, <strong data-start=\"2481\" data-end=\"2512\">asumir\u00e1s la responsabilidad<\/strong> de cualquier da\u00f1o o perjuicio que puedas causar.<\/p>\n<h3 data-start=\"2565\" data-end=\"2605\"><strong data-start=\"2569\" data-end=\"2603\">Protecci\u00f3n de datos personales<\/strong><\/h3>\n<p data-start=\"2607\" data-end=\"2916\">Nos <strong data-start=\"2611\" data-end=\"2628\">comprometemos<\/strong> a tratar tus datos personales de forma respetuosa y conforme a la <strong data-start=\"2695\" data-end=\"2739\">normativa vigente en protecci\u00f3n de datos<\/strong>, en particular al <strong data-start=\"2758\" data-end=\"2810\">Reglamento General de Protecci\u00f3n de Datos (RGPD)<\/strong> y la <strong data-start=\"2816\" data-end=\"2913\">Ley Org\u00e1nica de Protecci\u00f3n de Datos Personales y Garant\u00eda de los Derechos Digitales (LOPDGDD)<\/strong>.<\/p>\n<p data-start=\"2918\" data-end=\"3238\">Si completas <strong data-start=\"2931\" data-end=\"2967\">formularios de recogida de datos<\/strong> en nuestro sitio web, te informaremos claramente del tratamiento de tus datos y te solicitaremos <strong data-start=\"3065\" data-end=\"3091\">consentimiento expreso<\/strong>. Te garantizamos que tus datos personales se tratar\u00e1n de forma confidencial y solo se utilizar\u00e1n para los fines para los que han sido recogidos.<\/p>\n<p data-start=\"3240\" data-end=\"3464\">Si quieres <strong data-start=\"3251\" data-end=\"3275\">ejercer tus derechos<\/strong> de acceso, rectificaci\u00f3n, supresi\u00f3n, oposici\u00f3n, limitaci\u00f3n del tratamiento o portabilidad de tus datos, puedes hacerlo <strong data-start=\"3395\" data-end=\"3413\">contact\u00e1ndonos<\/strong> en el <strong data-start=\"3420\" data-end=\"3461\">correo electr\u00f3nico: <a rel=\"noopener\" data-start=\"3442\" data-end=\"3459\">info@vegalmeq.com<\/a><\/strong>.<\/p>\n<h3 data-start=\"3466\" data-end=\"3510\"><strong data-start=\"3470\" data-end=\"3508\">Propiedad intelectual e industrial<\/strong><\/h3>\n<p data-start=\"3512\" data-end=\"3845\"><strong data-start=\"3512\" data-end=\"3540\">Vegal Farmac\u00e9utica, S.L.<\/strong> es el <strong data-start=\"3547\" data-end=\"3558\">titular<\/strong> o <strong data-start=\"3561\" data-end=\"3578\">licenciatario<\/strong> de todos los derechos de <strong data-start=\"3604\" data-end=\"3642\">propiedad intelectual e industrial<\/strong> del contenido de este sitio web, incluidos textos, im\u00e1genes, dise\u00f1o gr\u00e1fico, logotipos, iconos, combinaciones de colores, estructura, botones, sonidos, archivos de software y cualquier otro contenido.<\/p>\n<p data-start=\"3847\" data-end=\"4157\"><strong data-start=\"3847\" data-end=\"3866\">Queda prohibida<\/strong> la reproducci\u00f3n, distribuci\u00f3n, comunicaci\u00f3n p\u00fablica, transformaci\u00f3n o modificaci\u00f3n de los contenidos del sitio web sin nuestra autorizaci\u00f3n expresa. Si deseas utilizar alguno de los contenidos publicados en <strong data-start=\"4074\" data-end=\"4090\">vegalmeq.com<\/strong>, puedes <strong data-start=\"4099\" data-end=\"4133\">solicitar nuestra autorizaci\u00f3n<\/strong> previa y por escrito.<\/p>\n<h3 data-start=\"4159\" data-end=\"4209\"><strong data-start=\"4163\" data-end=\"4207\">Exclusi\u00f3n de garant\u00edas y responsabilidad<\/strong><\/h3>\n<ol data-start=\"4211\" data-end=\"5143\">\n<li data-start=\"4211\" data-end=\"4449\">\n<p data-start=\"4214\" data-end=\"4449\"><strong data-start=\"4214\" data-end=\"4246\">Disponibilidad del sitio web<\/strong><br data-start=\"4246\" data-end=\"4249\" \/>No podemos garantizar la <strong data-start=\"4274\" data-end=\"4289\">continuidad<\/strong> o <strong data-start=\"4292\" data-end=\"4321\">disponibilidad permanente<\/strong> de nuestro sitio web, aunque nos comprometemos a tomar todas las medidas necesarias para asegurar su correcto funcionamiento.<\/p>\n<\/li>\n<li data-start=\"4451\" data-end=\"4780\">\n<p data-start=\"4454\" data-end=\"4579\"><strong data-start=\"4454\" data-end=\"4475\">Uso del sitio web<\/strong><br data-start=\"4475\" data-end=\"4478\" \/>El USUARIO <strong data-start=\"4489\" data-end=\"4544\">utiliza el sitio web bajo su propia responsabilidad<\/strong>. No nos hacemos responsables de:<\/p>\n<ul data-start=\"4583\" data-end=\"4780\">\n<li data-start=\"4583\" data-end=\"4635\">El uso indebido de los contenidos del sitio web.<\/li>\n<li data-start=\"4639\" data-end=\"4717\">La presencia de virus u otros elementos da\u00f1inos introducidos por terceros.<\/li>\n<li data-start=\"4721\" data-end=\"4780\">La exactitud, veracidad o actualidad de los contenidos.<\/li>\n<\/ul>\n<\/li>\n<li data-start=\"4782\" data-end=\"5143\">\n<p data-start=\"4785\" data-end=\"5143\"><strong data-start=\"4785\" data-end=\"4821\">Enlaces a sitios web de terceros<\/strong><br data-start=\"4821\" data-end=\"4824\" \/>Nuestro sitio web puede contener <strong data-start=\"4857\" data-end=\"4887\">enlaces a otros sitios web<\/strong> gestionados por terceros. No tenemos control sobre sus contenidos y <strong data-start=\"4956\" data-end=\"4995\">no asumimos ninguna responsabilidad<\/strong> sobre ellos. La inclusi\u00f3n de estos enlaces no implica ning\u00fan tipo de <strong data-start=\"5065\" data-end=\"5103\">asociaci\u00f3n, fusi\u00f3n o participaci\u00f3n<\/strong> con los titulares de esos sitios web.<\/p>\n<\/li>\n<\/ol>\n<h3 data-start=\"5145\" data-end=\"5175\"><strong data-start=\"5149\" data-end=\"5173\">Derecho de exclusi\u00f3n<\/strong><\/h3>\n<p data-start=\"5177\" data-end=\"5363\">Nos <strong data-start=\"5181\" data-end=\"5206\">reservamos el derecho<\/strong> a denegar o retirar el acceso al sitio web y\/o a los servicios ofrecidos sin necesidad de previo aviso a aquellos usuarios que incumplan este Aviso Legal.<\/p>\n<h3 data-start=\"5365\" data-end=\"5405\"><strong data-start=\"5369\" data-end=\"5403\">Modificaciones del Aviso Legal<\/strong><\/h3>\n<p data-start=\"5407\" data-end=\"5692\">Podemos <strong data-start=\"5415\" data-end=\"5445\">modificar este Aviso Legal<\/strong> en cualquier momento para adaptarlo a cambios legislativos o novedades en nuestra actividad profesional. Las modificaciones ser\u00e1n publicadas en esta misma p\u00e1gina y se considerar\u00e1n <strong data-start=\"5626\" data-end=\"5639\">aceptadas<\/strong> si el USUARIO contin\u00faa navegando por el sitio web.<\/p>\n<h3 data-start=\"5694\" data-end=\"5732\"><strong data-start=\"5698\" data-end=\"5730\">Ley aplicable y jurisdicci\u00f3n<\/strong><\/h3>\n<p data-start=\"5734\" data-end=\"6142\">La relaci\u00f3n entre <strong data-start=\"5752\" data-end=\"5780\">Vegal Farmac\u00e9utica, S.L.<\/strong> y el USUARIO se regir\u00e1 por la <strong data-start=\"5811\" data-end=\"5843\">legislaci\u00f3n espa\u00f1ola vigente<\/strong>. En caso de <strong data-start=\"5856\" data-end=\"5872\">controversia<\/strong> sobre la interpretaci\u00f3n o aplicaci\u00f3n de este Aviso Legal, nos <strong data-start=\"5935\" data-end=\"5948\">sometemos<\/strong> a la jurisdicci\u00f3n de los <strong data-start=\"5974\" data-end=\"6009\">Juzgados y Tribunales de Madrid<\/strong>, renunciando expresamente a cualquier otro fuero que pudiera corresponder, salvo que la normativa aplicable disponga lo contrario.<\/p>\n<h3 data-start=\"6144\" data-end=\"6162\"><strong data-start=\"6148\" data-end=\"6160\">Contacto<\/strong><\/h3>\n<p data-start=\"6164\" data-end=\"6318\">Si tienes cualquier duda sobre este Aviso Legal o deseas hacer alguna consulta, puedes <strong data-start=\"6251\" data-end=\"6267\">contactarnos<\/strong> en el <strong data-start=\"6274\" data-end=\"6315\">correo electr\u00f3nico: <a rel=\"noopener\" data-start=\"6296\" data-end=\"6313\">info@vegalmeq.com<\/a><\/strong>.<\/p>\n","protected":false},"excerpt":{"rendered":"<p>Aviso Legal Informaci\u00f3n Legal En cumplimiento del art\u00edculo 10 de  [&#8230;]<\/p>\n","protected":false},"author":2,"featured_media":0,"parent":0,"menu_order":0,"comment_status":"closed","ping_status":"closed","template":"","meta":{"_acf_changed":false,"footnotes":""},"class_list":["post-6771","page","type-page","status-publish","hentry"],"acf":[],"_links":{"self":[{"href":"https:\/\/vegalmeq.com\/en\/wp-json\/wp\/v2\/pages\/6771","targetHints":{"allow":["GET"]}}],"collection":[{"href":"https:\/\/vegalmeq.com\/en\/wp-json\/wp\/v2\/pages"}],"about":[{"href":"https:\/\/vegalmeq.com\/en\/wp-json\/wp\/v2\/types\/page"}],"author":[{"embeddable":true,"href":"https:\/\/vegalmeq.com\/en\/wp-json\/wp\/v2\/users\/2"}],"replies":[{"embeddable":true,"href":"https:\/\/vegalmeq.com\/en\/wp-json\/wp\/v2\/comments?post=6771"}],"version-history":[{"count":3,"href":"https:\/\/vegalmeq.com\/en\/wp-json\/wp\/v2\/pages\/6771\/revisions"}],"predecessor-version":[{"id":6774,"href":"https:\/\/vegalmeq.com\/en\/wp-json\/wp\/v2\/pages\/6771\/revisions\/6774"}],"wp:attachment":[{"href":"https:\/\/vegalmeq.com\/en\/wp-json\/wp\/v2\/media?parent=6771"}],"curies":[{"name":"wp","href":"https:\/\/api.w.org\/{rel}","templated":true}]}}