{"id":6815,"date":"2025-02-24T11:47:39","date_gmt":"2025-02-24T10:47:39","guid":{"rendered":"https:\/\/vegalmeq.com\/cookies-policy\/"},"modified":"2025-06-18T09:56:55","modified_gmt":"2025-06-18T07:56:55","slug":"cookies-policy","status":"publish","type":"page","link":"https:\/\/vegalmeq.com\/en\/cookies-policy\/","title":{"rendered":"Cookies Policy"},"content":{"rendered":"<h2 data-start=\"0\" data-end=\"28\"><strong data-start=\"3\" data-end=\"26\">Pol\u00edtica de Cookies<\/strong><\/h2>\n<p data-start=\"30\" data-end=\"244\">Bienvenido a la <strong data-start=\"46\" data-end=\"69\">Pol\u00edtica de Cookies<\/strong> de <strong data-start=\"73\" data-end=\"89\">vegalmeq.com<\/strong>, donde te explicaremos de forma clara y sencilla todo lo que necesitas saber sobre las cookies para que puedas tomar decisiones informadas sobre su uso.<\/p>\n<h3 data-start=\"246\" data-end=\"303\"><strong data-start=\"250\" data-end=\"301\">\u00bfQu\u00e9 son las cookies y para qu\u00e9 las utilizamos?<\/strong><\/h3>\n<p data-start=\"305\" data-end=\"653\">Una <strong data-start=\"309\" data-end=\"319\">cookie<\/strong> es un peque\u00f1o archivo de informaci\u00f3n que se guarda en tu ordenador, smartphone o tableta cuando visitas nuestro sitio web. Aunque las cookies no contienen virus ni programas maliciosos, recogen informaci\u00f3n sobre tu navegaci\u00f3n, como tus preferencias o intereses, lo cual puede afectar tu derecho a la protecci\u00f3n de datos personales.<\/p>\n<p data-start=\"655\" data-end=\"1023\">De acuerdo con la <strong data-start=\"673\" data-end=\"736\">Ley de Servicios de la Sociedad de la Informaci\u00f3n (LSSI-CE)<\/strong> y la <strong data-start=\"742\" data-end=\"797\">normativa vigente en protecci\u00f3n de datos personales<\/strong>, necesitamos tu <strong data-start=\"814\" data-end=\"837\">autorizaci\u00f3n previa<\/strong> para activar determinados tipos de cookies. Para ello, encontrar\u00e1s una secci\u00f3n de <strong data-start=\"920\" data-end=\"948\">CONFIGURACI\u00d3N DE COOKIES<\/strong> en la que podr\u00e1s gestionar tus preferencias de manera sencilla y r\u00e1pida.<\/p>\n<h3 data-start=\"1025\" data-end=\"1070\"><strong data-start=\"1029\" data-end=\"1068\">Tipos de cookies seg\u00fan su finalidad<\/strong><\/h3>\n<ul data-start=\"1072\" data-end=\"2526\">\n<li data-start=\"1072\" data-end=\"1267\"><strong data-start=\"1074\" data-end=\"1095\">Cookies t\u00e9cnicas:<\/strong> Son necesarias para que nuestro sitio web funcione correctamente y puedas navegar por \u00e9l. Estas cookies est\u00e1n activadas por defecto, ya que no requieren tu autorizaci\u00f3n.<\/li>\n<li data-start=\"1268\" data-end=\"1614\"><strong data-start=\"1270\" data-end=\"1294\">Cookies de an\u00e1lisis:<\/strong> Nos ayudan a comprender c\u00f3mo navegas por nuestra web, qu\u00e9 secciones son m\u00e1s visitadas y si todo funciona correctamente. Esta informaci\u00f3n es an\u00f3nima y nos permite mejorar continuamente el funcionamiento de la p\u00e1gina. Est\u00e1n <strong data-start=\"1517\" data-end=\"1545\">desactivadas por defecto<\/strong> y puedes activarlas en la secci\u00f3n de <strong data-start=\"1583\" data-end=\"1611\">CONFIGURACI\u00d3N DE COOKIES<\/strong>.<\/li>\n<li data-start=\"1615\" data-end=\"1923\"><strong data-start=\"1617\" data-end=\"1664\">Cookies de funcionalidad y personalizaci\u00f3n:<\/strong> Permiten recordar tus preferencias, como el idioma en el que prefieres ver el contenido, mejorando tu experiencia de navegaci\u00f3n. No tienen fines publicitarios, pero ayudan a personalizar la p\u00e1gina a tus gustos. Puedes activarlas o desactivarlas f\u00e1cilmente.<\/li>\n<li data-start=\"1924\" data-end=\"2181\"><strong data-start=\"1926\" data-end=\"1952\">Cookies publicitarias:<\/strong> Sirven para gestionar los espacios publicitarios de nuestra web de manera m\u00e1s eficiente, mostrando anuncios seg\u00fan la frecuencia con la que los ves o tu interacci\u00f3n con ellos. Esto evita que veas el mismo anuncio repetidamente.<\/li>\n<li data-start=\"2182\" data-end=\"2526\"><strong data-start=\"2184\" data-end=\"2225\">Cookies de publicidad comportamental:<\/strong> Analizan tu comportamiento de navegaci\u00f3n para mostrarte publicidad relacionada con tus intereses. Por ejemplo, si buscas contenido sobre productos farmac\u00e9uticos, podr\u00edan aparecerte anuncios sobre medicamentos o soluciones m\u00e9dicas. Estas cookies te permiten recibir publicidad m\u00e1s relevante para ti.<\/li>\n<\/ul>\n<h3 data-start=\"2528\" data-end=\"2569\"><strong data-start=\"2532\" data-end=\"2567\">\u00bfCookies propias o de terceros?<\/strong><\/h3>\n<ul data-start=\"2571\" data-end=\"3028\">\n<li data-start=\"2571\" data-end=\"2708\"><strong data-start=\"2573\" data-end=\"2593\">Cookies propias:<\/strong> Son gestionadas por nosotros y solo se utilizan para garantizar el correcto funcionamiento de nuestro sitio web.<\/li>\n<li data-start=\"2709\" data-end=\"3028\"><strong data-start=\"2711\" data-end=\"2735\">Cookies de terceros:<\/strong> Pertenecen a proveedores externos que nos ayudan a analizar el funcionamiento de nuestra p\u00e1gina o gestionar la publicidad. Algunos de estos proveedores pueden estar ubicados fuera de Espa\u00f1a. Utilizamos solo servicios de empresas fiables que garantizan la protecci\u00f3n de tus datos personales.<\/li>\n<\/ul>\n<p data-start=\"3030\" data-end=\"3334\">Si activas <strong data-start=\"3041\" data-end=\"3064\">cookies de terceros<\/strong>, podr\u00e1s desactivarlas cuando quieras desde tu navegador o a trav\u00e9s de los sistemas de desactivaci\u00f3n de cookies de esos proveedores. En la secci\u00f3n <strong data-start=\"3211\" data-end=\"3259\">QU\u00c9 TIPOS DE COOKIES SE UTILIZAN ACTUALMENTE<\/strong>, podr\u00e1s consultar las pol\u00edticas de privacidad de cada proveedor externo.<\/p>\n<h3 data-start=\"3336\" data-end=\"3392\"><strong data-start=\"3340\" data-end=\"3390\">\u00bfCu\u00e1nto tiempo permanecen activas las cookies?<\/strong><\/h3>\n<ul data-start=\"3394\" data-end=\"3824\">\n<li data-start=\"3394\" data-end=\"3582\"><strong data-start=\"3396\" data-end=\"3418\">Cookies de sesi\u00f3n:<\/strong> Se eliminan autom\u00e1ticamente cuando cierras tu navegador. Sirven, por ejemplo, para recordar los productos a\u00f1adidos al carrito de compra durante una \u00fanica sesi\u00f3n.<\/li>\n<li data-start=\"3583\" data-end=\"3824\"><strong data-start=\"3585\" data-end=\"3610\">Cookies persistentes:<\/strong> Permanecen en tu dispositivo durante un periodo de tiempo determinado, que puede variar de unos minutos a varios a\u00f1os, permitiendo que el sitio web recuerde tus preferencias o configuraciones en futuras visitas.<\/li>\n<\/ul>\n<h3 data-start=\"3826\" data-end=\"3871\"><strong data-start=\"3830\" data-end=\"3869\">\u00bfC\u00f3mo puedes gestionar tus cookies?<\/strong><\/h3>\n<p data-start=\"3873\" data-end=\"4059\">Cuando accedas por primera vez a <strong data-start=\"3906\" data-end=\"3922\">vegalmeq.com<\/strong>, aparecer\u00e1 un <strong data-start=\"3937\" data-end=\"3957\">aviso de cookies<\/strong> inform\u00e1ndote de que puedes gestionarlas desde la secci\u00f3n <strong data-start=\"4015\" data-end=\"4043\">CONFIGURACI\u00d3N DE COOKIES<\/strong>. All\u00ed podr\u00e1s:<\/p>\n<ul data-start=\"4060\" data-end=\"4376\">\n<li data-start=\"4060\" data-end=\"4167\"><strong data-start=\"4062\" data-end=\"4092\">Aceptar todas las cookies:<\/strong> Activando todos los tipos de cookies para una experiencia personalizada.<\/li>\n<li data-start=\"4168\" data-end=\"4269\"><strong data-start=\"4170\" data-end=\"4201\">Rechazar todas las cookies:<\/strong> Limitando el uso a las cookies t\u00e9cnicas estrictamente necesarias.<\/li>\n<li data-start=\"4270\" data-end=\"4376\"><strong data-start=\"4272\" data-end=\"4304\">Configurar tus preferencias:<\/strong> Activando o desactivando cookies seg\u00fan tus preferencias individuales.<\/li>\n<\/ul>\n<p data-start=\"4378\" data-end=\"4579\">En cualquier momento, puedes modificar o retirar tu consentimiento accediendo nuevamente a la <strong data-start=\"4472\" data-end=\"4500\">CONFIGURACI\u00d3N DE COOKIES<\/strong> en nuestro sitio web. Adem\u00e1s, desde la configuraci\u00f3n de tu navegador puedes:<\/p>\n<ul data-start=\"4580\" data-end=\"4724\">\n<li data-start=\"4580\" data-end=\"4611\">Bloquear todas las cookies.<\/li>\n<li data-start=\"4612\" data-end=\"4652\">Eliminar las cookies ya almacenadas.<\/li>\n<li data-start=\"4653\" data-end=\"4724\">Configurar alertas para saber cu\u00e1ndo se est\u00e1 instalando una cookie.<\/li>\n<\/ul>\n<h3 data-start=\"4726\" data-end=\"4798\"><strong data-start=\"4730\" data-end=\"4796\">Enlaces para gestionar cookies en los navegadores m\u00e1s comunes:<\/strong><\/h3>\n<ul data-start=\"4800\" data-end=\"5461\">\n<li data-start=\"4800\" data-end=\"4919\"><strong data-start=\"4802\" data-end=\"4820\">Google Chrome:<\/strong> <a target=\"_new\" rel=\"noopener\" data-start=\"4821\" data-end=\"4917\">https:\/\/support.google.com\/chrome\/answer\/95647<\/a><\/li>\n<li data-start=\"4920\" data-end=\"5117\"><strong data-start=\"4922\" data-end=\"4942\">Mozilla Firefox:<\/strong> <a href=\"https:\/\/support.mozilla.org\/es\/kb\/cookies-informacion-que-los-sitios-web-guardan-en-\" target=\"_new\" rel=\"noopener\" data-start=\"4943\" data-end=\"5115\">https:\/\/support.mozilla.org\/es\/kb\/cookies-informacion-que-los-sitios-web-guardan-en-<\/a><\/li>\n<li data-start=\"5118\" data-end=\"5254\"><strong data-start=\"5120\" data-end=\"5131\">Safari:<\/strong> <a href=\"https:\/\/support.apple.com\/es-es\/guide\/safari\/sfri11471\/mac\" target=\"_new\" rel=\"noopener\" data-start=\"5132\" data-end=\"5252\">https:\/\/support.apple.com\/es-es\/guide\/safari\/sfri11471\/mac<\/a><\/li>\n<li data-start=\"5255\" data-end=\"5461\"><strong data-start=\"5257\" data-end=\"5276\">Microsoft Edge:<\/strong> <a href=\"https:\/\/support.microsoft.com\/es-es\/help\/4468242\/microsoft-edge-browsing-data-and-privacy\" target=\"_new\" rel=\"noopener\" data-start=\"5277\" data-end=\"5459\">https:\/\/support.microsoft.com\/es-es\/help\/4468242\/microsoft-edge-browsing-data-and-privacy<\/a><\/li>\n<\/ul>\n<h3 data-start=\"5463\" data-end=\"5512\"><strong data-start=\"5467\" data-end=\"5510\">Actualizaci\u00f3n de la pol\u00edtica de cookies<\/strong><\/h3>\n<p data-start=\"5514\" data-end=\"5727\">Esta pol\u00edtica de cookies puede actualizarse en funci\u00f3n de cambios normativos o mejoras en el sitio web. Te recomendamos revisar esta p\u00e1gina de forma peri\u00f3dica para estar informado de c\u00f3mo utilizamos las cookies.<\/p>\n<p data-start=\"5729\" data-end=\"5925\">Si tienes alguna duda o necesitas m\u00e1s informaci\u00f3n sobre el uso de cookies en <strong data-start=\"5806\" data-end=\"5822\">vegalmeq.com<\/strong>, puedes <strong data-start=\"5831\" data-end=\"5860\">contactarnos directamente<\/strong> a trav\u00e9s de nuestro <strong data-start=\"5881\" data-end=\"5922\">correo electr\u00f3nico: <a rel=\"noopener\" data-start=\"5903\" data-end=\"5920\">info@vegalmeq.com<\/a><\/strong>.<\/p>\n","protected":false},"excerpt":{"rendered":"<p>Pol\u00edtica de Cookies Bienvenido a la Pol\u00edtica de Cookies de  [&#8230;]<\/p>\n","protected":false},"author":2,"featured_media":0,"parent":0,"menu_order":0,"comment_status":"closed","ping_status":"closed","template":"","meta":{"_acf_changed":false,"footnotes":""},"class_list":["post-6815","page","type-page","status-publish","hentry"],"acf":[],"_links":{"self":[{"href":"https:\/\/vegalmeq.com\/en\/wp-json\/wp\/v2\/pages\/6815","targetHints":{"allow":["GET"]}}],"collection":[{"href":"https:\/\/vegalmeq.com\/en\/wp-json\/wp\/v2\/pages"}],"about":[{"href":"https:\/\/vegalmeq.com\/en\/wp-json\/wp\/v2\/types\/page"}],"author":[{"embeddable":true,"href":"https:\/\/vegalmeq.com\/en\/wp-json\/wp\/v2\/users\/2"}],"replies":[{"embeddable":true,"href":"https:\/\/vegalmeq.com\/en\/wp-json\/wp\/v2\/comments?post=6815"}],"version-history":[{"count":1,"href":"https:\/\/vegalmeq.com\/en\/wp-json\/wp\/v2\/pages\/6815\/revisions"}],"predecessor-version":[{"id":6816,"href":"https:\/\/vegalmeq.com\/en\/wp-json\/wp\/v2\/pages\/6815\/revisions\/6816"}],"wp:attachment":[{"href":"https:\/\/vegalmeq.com\/en\/wp-json\/wp\/v2\/media?parent=6815"}],"curies":[{"name":"wp","href":"https:\/\/api.w.org\/{rel}","templated":true}]}}