{"id":6820,"date":"2025-02-13T11:35:58","date_gmt":"2025-02-13T10:35:58","guid":{"rendered":"https:\/\/vegalmeq.com\/privacy-policy\/"},"modified":"2025-06-18T09:57:51","modified_gmt":"2025-06-18T07:57:51","slug":"privacy-policy","status":"publish","type":"page","link":"https:\/\/vegalmeq.com\/en\/privacy-policy\/","title":{"rendered":"Privacy Policy"},"content":{"rendered":"&#13;\n<h2 class=\"wp-block-heading\" data-start=\"0\" data-end=\"31\"><strong data-start=\"3\" data-end=\"29\">Privacy Policy<\/strong><\/h2>&#13;\n<p data-start=\"33\" data-end=\"330\">En Europa y Espa\u00f1a existen normas de protecci\u00f3n de datos destinadas a proteger tu informaci\u00f3n personal, las cuales <strong data-start=\"148\" data-end=\"176\">Vegal Farmac\u00e9utica, S.L.<\/strong> est\u00e1 obligada a cumplir. Por ello, es muy importante para nosotros que entiendas perfectamente qu\u00e9 haremos con los datos personales que te solicitamos.<\/p>&#13;\n<p data-start=\"332\" data-end=\"504\">Queremos ser transparentes y darte el control de tus datos, utilizando un lenguaje claro y opciones sencillas que te permitan decidir c\u00f3mo usamos tu informaci\u00f3n personal.<\/p>&#13;\n<p data-start=\"506\" data-end=\"609\">Si despu\u00e9s de leer esta informaci\u00f3n tienes alguna duda, no dudes en ponerte en contacto con nosotros.<\/p>&#13;\n<p data-start=\"611\" data-end=\"638\">Gracias por tu confianza.<\/p>&#13;\n<h3 data-start=\"640\" data-end=\"665\"><strong data-start=\"644\" data-end=\"663\">Who are we?<\/strong><\/h3>&#13;\n<ul data-start=\"667\" data-end=\"955\">&#13;\n<li data-start=\"667\" data-end=\"720\"><strong data-start=\"669\" data-end=\"693\">Denominaci\u00f3n Social:<\/strong> Vegal Farmac\u00e9utica, S.L.<\/li>&#13;\n<li data-start=\"721\" data-end=\"743\"><strong data-start=\"723\" data-end=\"731\">NIF:<\/strong> B80833593<\/li>&#13;\n<li data-start=\"744\" data-end=\"833\"><strong data-start=\"746\" data-end=\"760\">Direcci\u00f3n:<\/strong> V\u00eda de las Dos Castillas, 9C 2P 2C, 28224 &#8211; Pozuelo de Alarc\u00f3n, Madrid<\/li>&#13;\n<li data-start=\"834\" data-end=\"891\"><strong data-start=\"836\" data-end=\"871\">Correo electr\u00f3nico de contacto:<\/strong> <a rel=\"noopener\" data-start=\"872\" data-end=\"889\">info@vegalmeq.com<\/a><\/li>&#13;\n<li data-start=\"892\" data-end=\"955\"><strong data-start=\"894\" data-end=\"908\">Sitio web:<\/strong> <a href=\"https:\/\/www.vegalmeq.com\" target=\"_new\" rel=\"noopener\" data-start=\"909\" data-end=\"953\">www.vegalmeq.com<\/a><\/li>&#13;\n<\/ul>&#13;\n<p data-start=\"957\" data-end=\"1049\">Estamos a tu disposici\u00f3n para cualquier duda o consulta sobre esta pol\u00edtica de privacidad.<\/p>&#13;\n<h3 data-start=\"1051\" data-end=\"1094\"><strong data-start=\"1055\" data-end=\"1092\">What will we use your data for?<\/strong><\/h3>&#13;\n<p data-start=\"1096\" data-end=\"1326\">En general, utilizaremos tus datos personales para relacionarnos contigo y poder ofrecerte nuestros servicios. Tambi\u00e9n podemos utilizarlos para otras actividades, como enviarte informaci\u00f3n sobre nuestros productos o promociones.<\/p>&#13;\n<h3 data-start=\"1328\" data-end=\"1378\"><strong data-start=\"1332\" data-end=\"1376\">Why do we need to use your data?<\/strong><\/h3>&#13;\n<p data-start=\"1380\" data-end=\"1647\">Tu informaci\u00f3n personal es necesaria para que podamos interactuar contigo y prestarte nuestros servicios de manera adecuada. En este sentido, te proporcionaremos opciones claras y sencillas para que puedas decidir c\u00f3mo deseas que utilicemos tu informaci\u00f3n personal.<\/p>&#13;\n<h3 data-start=\"1649\" data-end=\"1715\"><strong data-start=\"1653\" data-end=\"1713\">What is the legal basis for the processing of your data?<\/strong><\/h3>&#13;\n<p data-start=\"1717\" data-end=\"1769\">La base legal para el tratamiento de tus datos es:<\/p>&#13;\n<ul data-start=\"1771\" data-end=\"2046\">&#13;\n<li data-start=\"1771\" data-end=\"1855\"><strong data-start=\"1773\" data-end=\"1804\">La ejecuci\u00f3n de un contrato<\/strong>: para gestionar los servicios que nos solicites.<\/li>&#13;\n<li data-start=\"1856\" data-end=\"1952\"><strong data-start=\"1858\" data-end=\"1887\">Tu consentimiento expreso<\/strong>: en caso de suscripci\u00f3n a nuestras comunicaciones comerciales.<\/li>&#13;\n<li data-start=\"1953\" data-end=\"2046\"><strong data-start=\"1955\" data-end=\"2007\">El cumplimiento de nuestras obligaciones legales<\/strong>: en materia fiscal y administrativa.<\/li>&#13;\n<\/ul>&#13;\n<h3 data-start=\"2048\" data-end=\"2104\"><strong data-start=\"2052\" data-end=\"2102\">Who will know the information we ask for?<\/strong><\/h3>&#13;\n<p data-start=\"2106\" data-end=\"2292\">En general, solo el personal autorizado de <strong data-start=\"2149\" data-end=\"2177\">Vegal Farmac\u00e9utica, S.L.<\/strong> tendr\u00e1 acceso a tu informaci\u00f3n personal. No compartiremos tus datos con terceros, salvo en los siguientes casos:<\/p>&#13;\n<ul data-start=\"2294\" data-end=\"2838\">&#13;\n<li data-start=\"2294\" data-end=\"2500\"><strong data-start=\"2296\" data-end=\"2324\">Proveedores de servicios<\/strong> que necesiten acceder a tus datos para ayudarnos a prestarte nuestros servicios (por ejemplo, proveedores de alojamiento web o plataformas de env\u00edo de correos electr\u00f3nicos).<\/li>&#13;\n<li data-start=\"2501\" data-end=\"2628\"><strong data-start=\"2503\" data-end=\"2528\">Entidades financieras<\/strong> si el pago de nuestros servicios se realiza mediante tarjeta de cr\u00e9dito o transferencia bancaria.<\/li>&#13;\n<li data-start=\"2629\" data-end=\"2838\"><strong data-start=\"2631\" data-end=\"2653\">Entidades p\u00fablicas<\/strong> cuando estemos obligados a facilitar tus datos para cumplir con alguna ley (por ejemplo, la Agencia Tributaria en caso de operaciones econ\u00f3micas que superen una determinada cuant\u00eda).<\/li>&#13;\n<\/ul>&#13;\n<p data-start=\"2840\" data-end=\"3017\">Si en alg\u00fan momento necesitamos compartir tus datos con otras entidades, solicitaremos tu autorizaci\u00f3n previa y te daremos opciones claras para que puedas decidir al respecto.<\/p>&#13;\n<h3 data-start=\"3019\" data-end=\"3058\"><strong data-start=\"3023\" data-end=\"3056\">How will we protect your data?<\/strong><\/h3>&#13;\n<p data-start=\"3060\" data-end=\"3336\">Protegeremos tus datos con <strong data-start=\"3087\" data-end=\"3132\">medidas de seguridad eficaces y adecuadas<\/strong> a los riesgos que conlleva el uso de tu informaci\u00f3n. Nos comprometemos a mantener tus datos personales seguros en todo momento y a revisar peri\u00f3dicamente nuestros procedimientos de protecci\u00f3n de datos.<\/p>&#13;\n<h3 data-start=\"3338\" data-end=\"3385\"><strong data-start=\"3342\" data-end=\"3383\">Will we send your data to other countries?<\/strong><\/h3>&#13;\n<p data-start=\"3387\" data-end=\"3703\">En principio, <strong data-start=\"3401\" data-end=\"3475\">no enviaremos tus datos personales fuera del Espacio Econ\u00f3mico Europeo<\/strong>. Si, en alg\u00fan momento, necesitamos enviarlos a un pa\u00eds que no ofrezca un nivel de protecci\u00f3n adecuado, siempre solicitaremos tu permiso previo e implementaremos <strong data-start=\"3637\" data-end=\"3671\">medidas de seguridad efectivas<\/strong> para proteger tu informaci\u00f3n.<\/p>&#13;\n<h3 data-start=\"3705\" data-end=\"3754\"><strong data-start=\"3709\" data-end=\"3752\">How long will we keep your data?<\/strong><\/h3>&#13;\n<p data-start=\"3756\" data-end=\"3997\">Conservaremos tus datos mientras dure nuestra relaci\u00f3n comercial y mientras la ley nos obligue a hacerlo. Una vez transcurridos los plazos legales aplicables, eliminaremos tu informaci\u00f3n de manera segura y respetuosa con el medio ambiente.<\/p>&#13;\n<h3 data-start=\"3999\" data-end=\"4068\"><strong data-start=\"4003\" data-end=\"4066\">What are your data protection rights?<\/strong><\/h3>&#13;\n<p data-start=\"4070\" data-end=\"4089\">Tienes derecho a:<\/p>&#13;\n<ul data-start=\"4091\" data-end=\"4661\">&#13;\n<li data-start=\"4091\" data-end=\"4167\"><strong data-start=\"4093\" data-end=\"4104\">Acceder<\/strong> a tus datos personales para saber cu\u00e1les estamos utilizando.<\/li>&#13;\n<li data-start=\"4168\" data-end=\"4240\"><strong data-start=\"4170\" data-end=\"4184\">Rectificar<\/strong> tus datos si son incorrectos o est\u00e1n desactualizados.<\/li>&#13;\n<li data-start=\"4241\" data-end=\"4342\"><strong data-start=\"4243\" data-end=\"4255\">Suprimir<\/strong> tus datos cuando ya no sean necesarios para los fines para los que fueron recogidos.<\/li>&#13;\n<li data-start=\"4343\" data-end=\"4428\"><strong data-start=\"4345\" data-end=\"4357\">Oponerte<\/strong> al tratamiento de tus datos o solicitar la <strong data-start=\"4401\" data-end=\"4415\">limitaci\u00f3n<\/strong> de su uso.<\/li>&#13;\n<li data-start=\"4429\" data-end=\"4529\"><strong data-start=\"4431\" data-end=\"4460\">Solicitar la portabilidad<\/strong> de tus datos a otro responsable del tratamiento, si as\u00ed lo deseas.<\/li>&#13;\n<li data-start=\"4530\" data-end=\"4661\"><strong data-start=\"4532\" data-end=\"4561\">Retirar tu consentimiento<\/strong> en cualquier momento, sin que esto afecte a la legalidad del tratamiento previo a dicha retirada.<\/li>&#13;\n<\/ul>&#13;\n<p data-start=\"4663\" data-end=\"4897\">Para ejercer cualquiera de estos derechos, puedes enviarnos una solicitud por escrito a nuestra direcci\u00f3n o por correo electr\u00f3nico, junto con una fotocopia de tu DNI o documento de identidad equivalente, para verificar tu identidad.<\/p>&#13;\n<p data-start=\"4899\" data-end=\"5150\">Nos comprometemos a responder a tus solicitudes en un <strong data-start=\"4953\" data-end=\"4978\">plazo m\u00e1ximo de 1 mes<\/strong>. Si no est\u00e1s satisfecho con nuestra respuesta, puedes presentar una reclamaci\u00f3n ante la <strong data-start=\"5067\" data-end=\"5110\">Agencia Espa\u00f1ola de Protecci\u00f3n de Datos<\/strong> (<a href=\"https:\/\/www.aepd.es\" target=\"_new\" rel=\"noopener\" data-start=\"5112\" data-end=\"5146\">www.aepd.es<\/a>).<\/p>&#13;\n<h3 data-start=\"5152\" data-end=\"5213\"><strong data-start=\"5156\" data-end=\"5211\">Do we use cookies or other tracking technologies?<\/strong><\/h3>&#13;\n<p data-start=\"5215\" data-end=\"5421\">En nuestro sitio web utilizamos cookies y tecnolog\u00edas similares para mejorar tu experiencia de navegaci\u00f3n y analizar el uso de la p\u00e1gina. Puedes obtener m\u00e1s informaci\u00f3n en nuestra <strong data-start=\"5395\" data-end=\"5418\">Pol\u00edtica de Cookies<\/strong>.<\/p>&#13;\n<h3 data-start=\"5423\" data-end=\"5455\"><strong data-start=\"5427\" data-end=\"5453\">Will we profile you?<\/strong><\/h3>&#13;\n<p data-start=\"5457\" data-end=\"5757\">No elaboraremos perfiles de los usuarios de nuestros servicios sin tu consentimiento previo. En caso de que necesitemos crear un perfil para ofrecerte contenido personalizado o mejorar nuestros servicios, te informaremos previamente y te daremos opciones claras para que puedas decidir al respecto.<\/p>&#13;\n<h3 data-start=\"5759\" data-end=\"5810\"><strong data-start=\"5763\" data-end=\"5808\">Will we use your data for other purposes?<\/strong><\/h3>&#13;\n<p data-start=\"5812\" data-end=\"6030\">Nuestra pol\u00edtica es <strong data-start=\"5832\" data-end=\"5878\">no utilizar tus datos para fines distintos<\/strong> de los que te hemos explicado. Si en alg\u00fan momento necesitamos utilizarlos para actividades adicionales, siempre te pediremos tu autorizaci\u00f3n previa.<\/p>&#13;\n<h3 data-start=\"6032\" data-end=\"6098\"><strong data-start=\"6036\" data-end=\"6096\">Can you withdraw your consent if you change your mind?<\/strong><\/h3>&#13;\n<p data-start=\"6100\" data-end=\"6331\">S\u00ed, puedes <strong data-start=\"6111\" data-end=\"6161\">retirar tu consentimiento en cualquier momento<\/strong>. Por ejemplo, si en alg\u00fan momento aceptaste recibir publicidad o comunicaciones comerciales y ya no est\u00e1s interesado, puedes notific\u00e1rnoslo y dejaremos de envi\u00e1rtelas.<\/p>&#13;\n<h3 data-start=\"6333\" data-end=\"6423\"><strong data-start=\"6337\" data-end=\"6421\">Where can you file a complaint if you believe your rights have not been respected?<\/strong><\/h3>&#13;\n<p data-start=\"6425\" data-end=\"6617\">Si consideras que hemos vulnerado tus derechos de protecci\u00f3n de datos, puedes presentar una reclamaci\u00f3n ante la <strong data-start=\"6537\" data-end=\"6580\">Agencia Espa\u00f1ola de Protecci\u00f3n de Datos<\/strong> a trav\u00e9s de los siguientes medios:<\/p>&#13;\n<ul data-start=\"6618\" data-end=\"6783\">&#13;\n<li data-start=\"6618\" data-end=\"6678\"><strong data-start=\"6620\" data-end=\"6641\">Sede electr\u00f3nica:<\/strong> <a href=\"https:\/\/www.aepd.es\" target=\"_new\" rel=\"noopener\" data-start=\"6642\" data-end=\"6676\">www.aepd.es<\/a><\/li>&#13;\n<li data-start=\"6679\" data-end=\"6739\"><strong data-start=\"6681\" data-end=\"6702\">Direcci\u00f3n postal:<\/strong> C\/ Jorge Juan N\u00ba 6, 28001, Madrid.<\/li>&#13;\n<li data-start=\"6740\" data-end=\"6783\"><strong data-start=\"6742\" data-end=\"6755\">Tel\u00e9fono:<\/strong> 901 100 099 \/ 912 663 517<\/li>&#13;\n<\/ul>&#13;\n<p data-start=\"6785\" data-end=\"6935\">Presentar una reclamaci\u00f3n ante la Agencia Espa\u00f1ola de Protecci\u00f3n de Datos no tiene ning\u00fan coste y no necesitas un abogado o procurador para hacerlo.<\/p>&#13;\n<h3 data-start=\"6937\" data-end=\"6989\"><strong data-start=\"6941\" data-end=\"6987\">Privacy Policy Update<\/strong><\/h3>&#13;\n<p data-start=\"6991\" data-end=\"7186\">Esta pol\u00edtica de privacidad puede actualizarse para adaptarse a cambios normativos o a nuestras propias necesidades comerciales. Te avisaremos de cualquier cambio importante en esta p\u00e1gina web.<\/p>&#13;\n<p data-start=\"7188\" data-end=\"7378\">Si tienes alguna duda o necesitas m\u00e1s informaci\u00f3n sobre esta <strong data-start=\"7249\" data-end=\"7275\">Pol\u00edtica de Privacidad<\/strong>, puedes <strong data-start=\"7284\" data-end=\"7313\">contactarnos directamente<\/strong> a trav\u00e9s de nuestro <strong data-start=\"7334\" data-end=\"7375\">correo electr\u00f3nico: <a rel=\"noopener\" data-start=\"7356\" data-end=\"7373\">info@vegalmeq.com<\/a><\/strong>.<\/p>&#13;\n<p>&nbsp;<\/p>\n","protected":false},"excerpt":{"rendered":"<p>&#13; Privacy Policy &#13; En Europa y Espa\u00f1a existen normas  [&#8230;]<\/p>\n","protected":false},"author":1,"featured_media":0,"parent":0,"menu_order":0,"comment_status":"closed","ping_status":"closed","template":"","meta":{"_acf_changed":false,"footnotes":""},"class_list":["post-6820","page","type-page","status-publish","hentry"],"acf":[],"_links":{"self":[{"href":"https:\/\/vegalmeq.com\/en\/wp-json\/wp\/v2\/pages\/6820","targetHints":{"allow":["GET"]}}],"collection":[{"href":"https:\/\/vegalmeq.com\/en\/wp-json\/wp\/v2\/pages"}],"about":[{"href":"https:\/\/vegalmeq.com\/en\/wp-json\/wp\/v2\/types\/page"}],"author":[{"embeddable":true,"href":"https:\/\/vegalmeq.com\/en\/wp-json\/wp\/v2\/users\/1"}],"replies":[{"embeddable":true,"href":"https:\/\/vegalmeq.com\/en\/wp-json\/wp\/v2\/comments?post=6820"}],"version-history":[{"count":1,"href":"https:\/\/vegalmeq.com\/en\/wp-json\/wp\/v2\/pages\/6820\/revisions"}],"predecessor-version":[{"id":6821,"href":"https:\/\/vegalmeq.com\/en\/wp-json\/wp\/v2\/pages\/6820\/revisions\/6821"}],"wp:attachment":[{"href":"https:\/\/vegalmeq.com\/en\/wp-json\/wp\/v2\/media?parent=6820"}],"curies":[{"name":"wp","href":"https:\/\/api.w.org\/{rel}","templated":true}]}}